{"id":1230,"date":"2024-06-18T14:41:10","date_gmt":"2024-06-18T12:41:10","guid":{"rendered":"https:\/\/pohmani.com\/kontakt\/"},"modified":"2024-09-06T12:31:14","modified_gmt":"2024-09-06T10:31:14","slug":"kontakt","status":"publish","type":"page","link":"https:\/\/pohmani.com\/de\/kontakt\/","title":{"rendered":"Kontakt"},"content":{"rendered":"<p>[et_pb_section fb_built=&#8220;1&#8243; admin_label=&#8220;Header&#8220; _builder_version=&#8220;4.25.2&#8243; _module_preset=&#8220;default&#8220; background_color=&#8220;rgba(0,0,0,0.8)&#8220; background_image=&#8220;https:\/\/pohmani.com\/wp-content\/uploads\/2024\/06\/AP-10.jpg&#8220; background_position=&#8220;bottom_center&#8220; background_vertical_offset=&#8220;26%&#8220; background_blend=&#8220;overlay&#8220; custom_padding=&#8220;130px||130px||true|false&#8220; locked=&#8220;off&#8220; collapsed=&#8220;on&#8220; global_colors_info=&#8220;{}&#8220;][et_pb_row _builder_version=&#8220;4.22.0&#8243; _module_preset=&#8220;default&#8220; global_colors_info=&#8220;{}&#8220;][et_pb_column type=&#8220;4_4&#8243; _builder_version=&#8220;4.22.0&#8243; _module_preset=&#8220;default&#8220; custom_padding=&#8220;60px||60px||true|false&#8220; custom_padding_tablet=&#8220;0px||0px||true|false&#8220; custom_padding_phone=&#8220;0px||0px||true|false&#8220; custom_padding_last_edited=&#8220;on|desktop&#8220; global_colors_info=&#8220;{}&#8220;][et_pb_text _builder_version=&#8220;4.25.2&#8243; _module_preset=&#8220;8a24fe6b-a077-427f-b7f2-9c8a728dc7bc&#8220; header_font=&#8220;Prata||||||||&#8220; header_text_color=&#8220;#FFFFFF&#8220; custom_padding_tablet=&#8220;&#8220; custom_padding_phone=&#8220;90px||||false|false&#8220; custom_padding_last_edited=&#8220;on|phone&#8220; header_font_size_phone=&#8220;32px&#8220; global_colors_info=&#8220;{}&#8220;]<\/p>\n<h1>Kontaktiere uns<\/h1>\n<p>[\/et_pb_text][\/et_pb_column][\/et_pb_row][\/et_pb_section][et_pb_section fb_built=&#8220;1&#8243; admin_label=&#8220;Contact Form &#038; Info&#8220; _builder_version=&#8220;4.22.0&#8243; _module_preset=&#8220;default&#8220; collapsed=&#8220;on&#8220; global_colors_info=&#8220;{}&#8220;][et_pb_row column_structure=&#8220;3_5,2_5&#8243; _builder_version=&#8220;4.22.0&#8243; _module_preset=&#8220;default&#8220; global_colors_info=&#8220;{}&#8220;][et_pb_column type=&#8220;3_5&#8243; _builder_version=&#8220;4.22.0&#8243; _module_preset=&#8220;default&#8220; global_colors_info=&#8220;{}&#8220;][et_pb_contact_form use_spam_service=&#8220;on&#8220; recaptcha_list=&#8220;pohmanicom|pohmanicom-0&#8243; email=&#8220;vilazivolicistra@yahoo.com&#8220; custom_message=&#8220;Neue Anfrage &#8211; Kontaktseite||et_pb_line_break_holder||||et_pb_line_break_holder||Podatci:||et_pb_line_break_holder||Ime: %%Ime%%||et_pb_line_break_holder||Email: %%Email%%||et_pb_line_break_holder||||et_pb_line_break_holder||Upit: %%Poruka%%&#8220; success_message=&#8220;Vielen Dank f\u00fcr Ihre Anfrage! Erwarten Sie bald unsere Antwort! &#8220; submit_button_text=&#8220;Eine Anfrage senden&#8220; _builder_version=&#8220;4.26.0&#8243; _module_preset=&#8220;15b161c8-7338-4d54-92d4-a9e7febb5569&#8243; form_field_focus_text_color=&#8220;#1E3A5F&#8220; form_field_font=&#8220;Raleway|600|||||||&#8220; button_text_color=&#8220;#FFFFFF&#8220; button_bg_color=&#8220;#1E3A5F&#8220; button_border_radius=&#8220;6px&#8220; button_letter_spacing=&#8220;0.2em&#8220; button_font=&#8220;Inter|700||on|||||&#8220; button_use_icon=&#8220;off&#8220; button_custom_padding=&#8220;15px|26px|15px|26px|true|true&#8220; border_radii=&#8220;on|10px|10px|10px|10px&#8220; border_width_all=&#8220;1px&#8220; border_color_all=&#8220;rgba(30,58,95,0.36)&#8220; locked=&#8220;off&#8220; global_colors_info=&#8220;{}&#8220;][et_pb_contact_field field_id=&#8220;Ime&#8220; field_title=&#8220;Name&#8220; fullwidth_field=&#8220;on&#8220; _builder_version=&#8220;4.25.2&#8243; _module_preset=&#8220;default&#8220; global_colors_info=&#8220;{}&#8220; button_text_size__hover_enabled=&#8220;off&#8220; button_one_text_size__hover_enabled=&#8220;off&#8220; button_two_text_size__hover_enabled=&#8220;off&#8220; button_text_color__hover_enabled=&#8220;off&#8220; button_one_text_color__hover_enabled=&#8220;off&#8220; button_two_text_color__hover_enabled=&#8220;off&#8220; button_border_width__hover_enabled=&#8220;off&#8220; button_one_border_width__hover_enabled=&#8220;off&#8220; button_two_border_width__hover_enabled=&#8220;off&#8220; button_border_color__hover_enabled=&#8220;off&#8220; button_one_border_color__hover_enabled=&#8220;off&#8220; button_two_border_color__hover_enabled=&#8220;off&#8220; button_border_radius__hover_enabled=&#8220;off&#8220; button_one_border_radius__hover_enabled=&#8220;off&#8220; button_two_border_radius__hover_enabled=&#8220;off&#8220; button_letter_spacing__hover_enabled=&#8220;off&#8220; button_one_letter_spacing__hover_enabled=&#8220;off&#8220; button_two_letter_spacing__hover_enabled=&#8220;off&#8220; button_bg_color__hover_enabled=&#8220;off&#8220; button_one_bg_color__hover_enabled=&#8220;off&#8220; button_two_bg_color__hover_enabled=&#8220;off&#8220;][\/et_pb_contact_field][et_pb_contact_field field_id=&#8220;Email&#8220; field_title=&#8220;Email &#8220; field_type=&#8220;email&#8220; fullwidth_field=&#8220;on&#8220; _builder_version=&#8220;4.25.2&#8243; _module_preset=&#8220;default&#8220; global_colors_info=&#8220;{}&#8220; button_text_size__hover_enabled=&#8220;off&#8220; button_one_text_size__hover_enabled=&#8220;off&#8220; button_two_text_size__hover_enabled=&#8220;off&#8220; button_text_color__hover_enabled=&#8220;off&#8220; button_one_text_color__hover_enabled=&#8220;off&#8220; button_two_text_color__hover_enabled=&#8220;off&#8220; button_border_width__hover_enabled=&#8220;off&#8220; button_one_border_width__hover_enabled=&#8220;off&#8220; button_two_border_width__hover_enabled=&#8220;off&#8220; button_border_color__hover_enabled=&#8220;off&#8220; button_one_border_color__hover_enabled=&#8220;off&#8220; button_two_border_color__hover_enabled=&#8220;off&#8220; button_border_radius__hover_enabled=&#8220;off&#8220; button_one_border_radius__hover_enabled=&#8220;off&#8220; button_two_border_radius__hover_enabled=&#8220;off&#8220; button_letter_spacing__hover_enabled=&#8220;off&#8220; button_one_letter_spacing__hover_enabled=&#8220;off&#8220; button_two_letter_spacing__hover_enabled=&#8220;off&#8220; button_bg_color__hover_enabled=&#8220;off&#8220; button_one_bg_color__hover_enabled=&#8220;off&#8220; button_two_bg_color__hover_enabled=&#8220;off&#8220;][\/et_pb_contact_field][et_pb_contact_field field_id=&#8220;Poruka&#8220; field_title=&#8220;Geben Sie hier Ihre Anfrage ein&#8220; field_type=&#8220;text&#8220; fullwidth_field=&#8220;on&#8220; _builder_version=&#8220;4.25.2&#8243; _module_preset=&#8220;default&#8220; global_colors_info=&#8220;{}&#8220; button_text_size__hover_enabled=&#8220;off&#8220; button_one_text_size__hover_enabled=&#8220;off&#8220; button_two_text_size__hover_enabled=&#8220;off&#8220; button_text_color__hover_enabled=&#8220;off&#8220; button_one_text_color__hover_enabled=&#8220;off&#8220; button_two_text_color__hover_enabled=&#8220;off&#8220; button_border_width__hover_enabled=&#8220;off&#8220; button_one_border_width__hover_enabled=&#8220;off&#8220; button_two_border_width__hover_enabled=&#8220;off&#8220; button_border_color__hover_enabled=&#8220;off&#8220; button_one_border_color__hover_enabled=&#8220;off&#8220; button_two_border_color__hover_enabled=&#8220;off&#8220; button_border_radius__hover_enabled=&#8220;off&#8220; button_one_border_radius__hover_enabled=&#8220;off&#8220; button_two_border_radius__hover_enabled=&#8220;off&#8220; button_letter_spacing__hover_enabled=&#8220;off&#8220; button_one_letter_spacing__hover_enabled=&#8220;off&#8220; button_two_letter_spacing__hover_enabled=&#8220;off&#8220; button_bg_color__hover_enabled=&#8220;off&#8220; button_one_bg_color__hover_enabled=&#8220;off&#8220; button_two_bg_color__hover_enabled=&#8220;off&#8220;][\/et_pb_contact_field][\/et_pb_contact_form][\/et_pb_column][et_pb_column type=&#8220;2_5&#8243; _builder_version=&#8220;4.22.0&#8243; _module_preset=&#8220;default&#8220; global_colors_info=&#8220;{}&#8220;][et_pb_text _builder_version=&#8220;4.26.0&#8243; _module_preset=&#8220;a29bb144-1790-4cfe-bb7f-a9d527474d4f&#8220; text_font=&#8220;Raleway||||||||&#8220; link_font=&#8220;Raleway|||||||#1E3A5F|solid&#8220; link_text_color=&#8220;#1E3A5F&#8220; link_font_size=&#8220;36px&#8220; link_font_size_tablet=&#8220;36px&#8220; link_font_size_phone=&#8220;32px&#8220; link_font_size_last_edited=&#8220;on|phone&#8220; global_colors_info=&#8220;{}&#8220;]<\/p>\n<h3>Martina<\/h3>\n<p><a href=\"tel:+385%2095%20334%204422\" target=\"_blank\" rel=\"noopener\">+385 95 334 4422<\/a><\/p>\n<p>[\/et_pb_text][et_pb_text _builder_version=&#8220;4.25.2&#8243; _module_preset=&#8220;a29bb144-1790-4cfe-bb7f-a9d527474d4f&#8220; text_font=&#8220;Raleway||||||||&#8220; link_font=&#8220;Raleway|||||||#1E3A5F|solid&#8220; link_text_color=&#8220;#1E3A5F&#8220; link_font_size=&#8220;36px&#8220; link_font_size_tablet=&#8220;36px&#8220; link_font_size_phone=&#8220;32px&#8220; link_font_size_last_edited=&#8220;on|phone&#8220; global_colors_info=&#8220;{}&#8220;]<\/p>\n<h3>Ivica<\/h3>\n<p><a href=\"tel:%20+385%2099%20506%206559\" target=\"_blank\" rel=\"noopener\">+385 99 506 6559<\/a><\/p>\n<p>[\/et_pb_text][et_pb_text _builder_version=&#8220;4.26.0&#8243; _module_preset=&#8220;a29bb144-1790-4cfe-bb7f-a9d527474d4f&#8220; text_font=&#8220;Raleway||||||||&#8220; link_font=&#8220;Raleway|||||||#1E3A5F|solid&#8220; link_text_color=&#8220;#1E3A5F&#8220; link_font_size=&#8220;30px&#8220; link_font_size_tablet=&#8220;36px&#8220; link_font_size_phone=&#8220;25px&#8220; link_font_size_last_edited=&#8220;on|phone&#8220; global_colors_info=&#8220;{}&#8220;]<\/p>\n<h3><a href=\"mailto:vilazivolicistra@yahoo.com\" target=\"_blank\" rel=\"noopener\">vilazivolicistra@yahoo.com<\/a><\/h3>\n<p>[\/et_pb_text][et_pb_social_media_follow icon_color=&#8220;#1E3A5F&#8220; _builder_version=&#8220;4.25.2&#8243; _module_preset=&#8220;default&#8220; locked=&#8220;off&#8220; global_colors_info=&#8220;{}&#8220;][et_pb_social_media_follow_network social_network=&#8220;facebook&#8220; url=&#8220;https:\/\/www.facebook.com\/profile.php?id=61560919449073&#8243; _builder_version=&#8220;4.25.2&#8243; _module_preset=&#8220;default&#8220; global_colors_info=&#8220;{}&#8220; follow_button=&#8220;off&#8220; url_new_window=&#8220;on&#8220;]facebook[\/et_pb_social_media_follow_network][\/et_pb_social_media_follow][\/et_pb_column][\/et_pb_row][\/et_pb_section][et_pb_section fb_built=&#8220;1&#8243; custom_padding_last_edited=&#8220;on|phone&#8220; disabled_on=&#8220;off|off|off&#8220; admin_label=&#8220;Testimonials&#8220; _builder_version=&#8220;4.27.0&#8243; _module_preset=&#8220;default&#8220; custom_padding_tablet=&#8220;&#8220; custom_padding_phone=&#8220;0px||0px||false|false&#8220; saved_tabs=&#8220;all&#8220; collapsed=&#8220;on&#8220; global_colors_info=&#8220;{}&#8220; theme_builder_area=&#8220;post_content&#8220; custom_padding=&#8220;0px|||||&#8220;][et_pb_row _builder_version=&#8220;4.27.0&#8243; _module_preset=&#8220;default&#8220; width_tablet=&#8220;&#8220; width_phone=&#8220;100%&#8220; width_last_edited=&#8220;on|phone&#8220; max_width_tablet=&#8220;&#8220; max_width_phone=&#8220;100%&#8220; max_width_last_edited=&#8220;on|phone&#8220; global_colors_info=&#8220;{}&#8220; theme_builder_area=&#8220;post_content&#8220;][et_pb_column type=&#8220;4_4&#8243; _builder_version=&#8220;4.21.0&#8243; _module_preset=&#8220;default&#8220; global_colors_info=&#8220;{}&#8220; theme_builder_area=&#8220;post_content&#8220;][et_pb_text _builder_version=&#8220;4.25.2&#8243; _module_preset=&#8220;4797700c-bb2a-466e-9f32-d603efe3afb0&#8243; header_2_text_color=&#8220;#1E3A5F&#8220; text_orientation=&#8220;center&#8220; header_2_font_size_phone=&#8220;32px&#8220; global_colors_info=&#8220;{}&#8220; theme_builder_area=&#8220;post_content&#8220;]<\/p>\n<h2>Was sagen unsere G\u00e4ste?<\/h2>\n<p>[\/et_pb_text][et_pb_slider show_pagination=&#8220;off&#8220; arrows_custom_color=&#8220;#007ACC&#8220; _builder_version=&#8220;4.27.0&#8243; _module_preset=&#8220;3c238f16-f713-44c6-a0d7-9cd359335285&#8243; header_font_size=&#8220;20px&#8220; header_line_height=&#8220;1.6em&#8220; body_font=&#8220;Raleway||||||||&#8220; custom_padding=&#8220;0px||0px||false|false&#8220; locked=&#8220;off&#8220; global_colors_info=&#8220;{%22gcid-3739f6af-6ec3-431f-9233-3cdc85f4270b%22:%91%22button_bg_color%22,%22button_bg_color%22,%22button_bg_color%22%93,%22gcid-d056ff0b-a85f-45b3-bb11-a75debfb13bf%22:%91%22header_text_color%22,%22dot_nav_custom_color%22,%22header_text_color%22,%22dot_nav_custom_color%22,%22header_text_color%22,%22dot_nav_custom_color%22,%22header_text_color%22,%22dot_nav_custom_color%22%93,%22gcid-9d98294c-d1ae-4311-865c-0d2bedb19256%22:%91%22body_text_color%22,%22body_text_color%22,%22body_text_color%22,%22body_text_color%22%93}&#8220; theme_builder_area=&#8220;post_content&#8220;][et_pb_slide heading=&#8220;Luxus&#8220; _builder_version=&#8220;4.27.0&#8243; _module_preset=&#8220;default&#8220; locked=&#8220;off&#8220; global_colors_info=&#8220;{}&#8220; sticky_transition=&#8220;on&#8220; theme_builder_area=&#8220;post_content&#8220;]<\/p>\n<div data-testid=\"review-negative-text\">\n<div class=\"ebe55ef853 ddd741d988\">\n<div class=\"fdf32a93cb\">\n<div class=\"e2585683de b3eee3fa45\">\n<div data-testid=\"review-positive-text\">\n<div class=\"ebe55ef853 ddd741d988\">\n<div class=\"fdf32a93cb\">\n<div class=\"e2585683de b3eee3fa45\"><span>Die Villa ist luxuri\u00f6s eingerichtet. Die Besitzer sind sehr nett, hilfsbereit und sehr gastfreundlich. Zu Hause wartete ein Korb mit Geschenken (Snacks, Obst, Zucchini) auf uns. W\u00e4hrend unseres Aufenthaltes haben sich die Gastgeber stets um unser Wohlergehen gek\u00fcmmert. Sie kochten uns eine k\u00f6stliche kroatische Suppe und verw\u00f6hnten uns mit einem lokalen Getr\u00e4nk. Wir haben bei ihnen k\u00f6stliches Oliven\u00f6l gekauft. Die Villa war nicht nur sauber, sondern auch gepflegt. Badezimmer in den Zimmern, ein Badezimmer und eine Dusche am Pool, eine ausgestattete Feldk\u00fcche. Die Ausstattung des Hauses war auf h\u00f6chstem Niveau, inklusive einer Dampfstation zum B\u00fcgeln. Eine wunderbar verbrachte Zeit.          <strong>Ich kann es nur w\u00e4rmstens empfehlen!<\/strong><\/span><\/div>\n<div class=\"e2585683de b3eee3fa45\"><span><\/span><\/div>\n<\/div>\n<\/div>\n<\/div>\n<div data-testid=\"review-negative-text\">\n<div class=\"ebe55ef853 ddd741d988\">\n<div class=\"fdf32a93cb\"><\/div>\n<\/div>\n<\/div>\n<p><span>Ein zu kurzer Aufenthalt An einem solchen Ort reicht ein Monat nicht aus<\/span><span><\/span><\/p>\n<p><span><strong>&#8211; Klaudia<\/strong> &#8211; Unser Gast aus Polen und ihre Familie<\/span><\/p>\n<\/div>\n<\/div>\n<\/div>\n<\/div>\n<p>[\/et_pb_slide][et_pb_slide heading=&#8220;Der Aufenthalt war wie erwartet, hat meine Erwartungen \u00fcbertroffen&#8220; _builder_version=&#8220;4.27.0&#8243; _module_preset=&#8220;default&#8220; custom_padding=&#8220;0px||0px||false|false&#8220; locked=&#8220;off&#8220; global_colors_info=&#8220;{}&#8220; sticky_transition=&#8220;on&#8220; theme_builder_area=&#8220;post_content&#8220;]<\/p>\n<div data-testid=\"review-negative-text\">\n<div class=\"ebe55ef853 ddd741d988\">\n<div class=\"fdf32a93cb\">\n<div class=\"e2585683de b3eee3fa45\">\n<div data-testid=\"review-positive-text\">\n<div class=\"ebe55ef853 ddd741d988\">\n<div class=\"fdf32a93cb\">\n<div class=\"e2585683de b3eee3fa45\"><span>Ger\u00e4umige, einladende Villa, geeignet f\u00fcr jede Art von Familie und Freundesgruppe. Sauberer, gro\u00dfer und sch\u00f6ner Pool. Liegt in ruhiger Lage. Hervorragend geeignet, dem Chaos einer Metropole zu entfliehen.   <\/span><\/div>\n<div class=\"e2585683de b3eee3fa45\"><span><strong>&#8211; Carlos<\/strong> aus Italien mit seiner Familie<\/span><\/div>\n<\/div>\n<\/div>\n<\/div>\n<\/div>\n<\/div>\n<\/div>\n<\/div>\n<p>[\/et_pb_slide][et_pb_slide heading=&#8220;Sehr sch\u00f6nes Haus mit wunderbaren Gastgebern in ruhiger Lage.&#8220; _builder_version=&#8220;4.27.0&#8243; _module_preset=&#8220;default&#8220; locked=&#8220;off&#8220; global_colors_info=&#8220;{}&#8220; sticky_transition=&#8220;on&#8220; theme_builder_area=&#8220;post_content&#8220;]<\/p>\n<div data-testid=\"review-negative-text\">\n<div class=\"ebe55ef853 ddd741d988\">\n<div class=\"fdf32a93cb\">\n<div class=\"e2585683de b3eee3fa45\">\n<div data-testid=\"review-positive-text\">\n<div class=\"ebe55ef853 ddd741d988\">\n<div class=\"fdf32a93cb\">\n<div class=\"e2585683de b3eee3fa45\"><span>Einfach perfekt. Es hat uns sehr gut gefallen. Vielen Dank f\u00fcr alles, Martina und Ivica<\/span><\/div>\n<div class=\"e2585683de b3eee3fa45\"><span><strong>&#8211; Nicole<\/strong> &#8211; Alleinreisender<\/span><\/div>\n<\/div>\n<\/div>\n<\/div>\n<\/div>\n<\/div>\n<\/div>\n<\/div>\n<p>[\/et_pb_slide][\/et_pb_slider][\/et_pb_column][\/et_pb_row][\/et_pb_section][et_pb_section fb_built=&#8220;1&#8243; admin_label=&#8220;Subscribe&#8220; _builder_version=&#8220;4.22.0&#8243; _module_preset=&#8220;default&#8220; custom_padding=&#8220;0px|||||&#8220; saved_tabs=&#8220;all&#8220; collapsed=&#8220;on&#8220; global_colors_info=&#8220;{}&#8220;][et_pb_row _builder_version=&#8220;4.22.0&#8243; _module_preset=&#8220;default&#8220; max_width=&#8220;1260px&#8220; global_colors_info=&#8220;{}&#8220;][et_pb_column type=&#8220;4_4&#8243; _builder_version=&#8220;4.22.0&#8243; _module_preset=&#8220;default&#8220; global_colors_info=&#8220;{}&#8220;][et_pb_code _builder_version=&#8220;4.25.2&#8243; _module_preset=&#8220;default&#8220; global_colors_info=&#8220;{}&#8220;]<iframe src=\"https:\/\/www.google.com\/maps\/embed?pb=!1m18!1m12!1m3!1d2813.8264960567967!2d13.813544476360512!3d45.15011095434031!2m3!1f0!2f0!3f0!3m2!1i1024!2i768!4f13.1!3m3!1m2!1s0x477cb0a66b8bf42d%3A0x95318adb29cf1653!2s34A%2C%2052341%2C%20Barat!5e0!3m2!1sen!2shr!4v1719685475683!5m2!1sen!2shr\" width=\"1500\" height=\"500\" style=\"border:0;\" allowfullscreen=\"\" loading=\"lazy\" referrerpolicy=\"no-referrer-when-downgrade\"><\/iframe>[\/et_pb_code][\/et_pb_column][\/et_pb_row][\/et_pb_section]<\/p>\n","protected":false},"excerpt":{"rendered":"<p>Kontaktiere unsMartina +385 95 334 4422Ivica +385 99 506 6559vilazivolicistra@yahoo.comWas sagen unsere G\u00e4ste? Die Villa ist luxuri\u00f6s eingerichtet. Die Besitzer sind sehr nett, hilfsbereit und sehr gastfreundlich. Zu Hause wartete ein Korb mit Geschenken (Snacks, Obst, Zucchini) auf uns. W\u00e4hrend unseres Aufenthaltes haben sich die Gastgeber stets um unser Wohlergehen gek\u00fcmmert. Sie kochten uns eine [&hellip;]<\/p>\n","protected":false},"author":4,"featured_media":0,"parent":0,"menu_order":0,"comment_status":"closed","ping_status":"closed","template":"","meta":{"_et_pb_use_builder":"on","_et_pb_old_content":"","_et_gb_content_width":"","footnotes":""},"class_list":["post-1230","page","type-page","status-publish","hentry"],"_links":{"self":[{"href":"https:\/\/pohmani.com\/de\/wp-json\/wp\/v2\/pages\/1230","targetHints":{"allow":["GET"]}}],"collection":[{"href":"https:\/\/pohmani.com\/de\/wp-json\/wp\/v2\/pages"}],"about":[{"href":"https:\/\/pohmani.com\/de\/wp-json\/wp\/v2\/types\/page"}],"author":[{"embeddable":true,"href":"https:\/\/pohmani.com\/de\/wp-json\/wp\/v2\/users\/4"}],"replies":[{"embeddable":true,"href":"https:\/\/pohmani.com\/de\/wp-json\/wp\/v2\/comments?post=1230"}],"version-history":[{"count":0,"href":"https:\/\/pohmani.com\/de\/wp-json\/wp\/v2\/pages\/1230\/revisions"}],"wp:attachment":[{"href":"https:\/\/pohmani.com\/de\/wp-json\/wp\/v2\/media?parent=1230"}],"curies":[{"name":"wp","href":"https:\/\/api.w.org\/{rel}","templated":true}]}}